{"id":4,"date":"2022-04-11T08:31:05","date_gmt":"2022-04-11T08:31:05","guid":{"rendered":"https:\/\/lutzewald.de\/?page_id=4"},"modified":"2025-09-07T19:35:23","modified_gmt":"2025-09-07T17:35:23","slug":"willkommen-auf-https-lutzewald-de","status":"publish","type":"page","link":"https:\/\/lutzewald.de\/","title":{"rendered":"Da bist du ja!"},"content":{"rendered":"\n<p>bleib doch ein Bisschen und h\u00f6r dir meine st\u00fcmperhaften Hobbyaufnahmen an. Ich hab geh\u00f6rt, man k\u00f6nnte es aushalten \ud83d\ude00<\/p>\n\n\n\n<figure class=\"wp-block-embed is-type-rich is-provider-spotify wp-block-embed-spotify wp-embed-aspect-21-9 wp-has-aspect-ratio\"><div class=\"wp-block-embed__wrapper\">\n<iframe title=\"Spotify Embed: Noch Nicht Genug Gespielt\" style=\"border-radius: 12px\" width=\"100%\" height=\"352\" frameborder=\"0\" allowfullscreen allow=\"autoplay; clipboard-write; encrypted-media; fullscreen; picture-in-picture\" loading=\"lazy\" src=\"https:\/\/open.spotify.com\/embed\/album\/4EFN0eM7qck36eKmocwFl5?si=cNYA9xxYTyuJxzHpJ1QuYw&#038;utm_source=oembed\"><\/iframe>\n<\/div><\/figure>\n\n\n\n<p>gibt&#8217;s auch auf iTunes, Amazon und Co.<\/p>\n","protected":false},"excerpt":{"rendered":"<p>bleib doch ein Bisschen und h\u00f6r dir meine st\u00fcmperhaften Hobbyaufnahmen an. Ich hab geh\u00f6rt, man k\u00f6nnte es aushalten \ud83d\ude00 gibt&#8217;s<\/p>\n<p><span class=\"more-link\"><a href=\"https:\/\/lutzewald.de\/\" class=\"readmore\">Continue reading<span class=\"screen-reader-text\">Da bist du ja!<\/span><\/a><\/span><\/p>\n","protected":false},"author":1,"featured_media":0,"parent":0,"menu_order":0,"comment_status":"closed","ping_status":"open","template":"templates\/right-sidebar.php","meta":{"footnotes":""},"class_list":["post-4","page","type-page","status-publish","hentry"],"_links":{"self":[{"href":"https:\/\/lutzewald.de\/index.php?rest_route=\/wp\/v2\/pages\/4","targetHints":{"allow":["GET"]}}],"collection":[{"href":"https:\/\/lutzewald.de\/index.php?rest_route=\/wp\/v2\/pages"}],"about":[{"href":"https:\/\/lutzewald.de\/index.php?rest_route=\/wp\/v2\/types\/page"}],"author":[{"embeddable":true,"href":"https:\/\/lutzewald.de\/index.php?rest_route=\/wp\/v2\/users\/1"}],"replies":[{"embeddable":true,"href":"https:\/\/lutzewald.de\/index.php?rest_route=%2Fwp%2Fv2%2Fcomments&post=4"}],"version-history":[{"count":15,"href":"https:\/\/lutzewald.de\/index.php?rest_route=\/wp\/v2\/pages\/4\/revisions"}],"predecessor-version":[{"id":157,"href":"https:\/\/lutzewald.de\/index.php?rest_route=\/wp\/v2\/pages\/4\/revisions\/157"}],"wp:attachment":[{"href":"https:\/\/lutzewald.de\/index.php?rest_route=%2Fwp%2Fv2%2Fmedia&parent=4"}],"curies":[{"name":"wp","href":"https:\/\/api.w.org\/{rel}","templated":true}]}}